{"id":4699,"date":"2017-07-31T08:39:46","date_gmt":"2017-07-31T06:39:46","guid":{"rendered":"https:\/\/caditours.com\/home\/"},"modified":"2026-03-18T18:06:53","modified_gmt":"2026-03-18T16:06:53","slug":"home","status":"publish","type":"page","link":"https:\/\/caditours.com\/es\/","title":{"rendered":"Inicio"},"content":{"rendered":"<div  class=\"one fullwidth \"><\/div>\n<div  class=\"one ppb_card_two_cols_with_image\" style=\"position:relative;padding:40px 0 40px 0;\" >\n<div class=\"standard_wrapper\">\n<div class=\"page_content_wrapper\">\n<div class=\"inner\">\n<div class=\"one_half parallax_scroll_image\" style=\"width:65%;\">\n<div class=\"image_classic_frame expand\">\n<div class=\"image_wrapper\"><img decoding=\"async\" src=\"https:\/\/caditours.com\/wp-content\/uploads\/2024\/05\/globe-trotter-1828079_1280-5.jpg\" alt=\"\" class=\"portfolio_img\"\/><\/div>\n<\/div>\n<\/div>\n<div class=\"one_half last parallax_scroll\" style=\"width:40%;position:absolute;padding:40px;background:#fff;\" data-stellar-ratio=\"1.3\">\n<h2 class=\"ppb_title\" style=\"\">Cat\u00e1logo<\/h2>\n<div class=\"ppb_header_content\">\n<h2>Semestral de Caditours<\/h2>\n<p>Si quieres estar al d\u00eda del programa semestral de nuestras excursiones y viajes s\u00f3lo tienes que <a href=\"https:\/\/caditours.com\/wp-content\/uploads\/2025\/10\/PROG-GRAL-25.26.pdf\" target=\"_blank\" rel=\"noopener\">CLICAR AQU\u00cd<\/a> y bajarte este archivo pdf que renovamos cada seis meses.<\/p>\n<p>Si quieres recibirlo peri\u00f3dicamente sin necesidad de estar pendiente de cuando colgaremos el nuevo cat\u00e1logo nos puedes enviar un correo a info@caditours.com y ser\u00e1s de los primeros en recibir las nuevas promociones.<\/p>\n<\/div>\n<\/div>\n<p><br class=\"clear\"\/><\/div>\n<\/div>\n<\/div>\n<\/div>\n<div class=\"divider one\">&nbsp;<\/div>\n<div  class=\"ppb_destination_grid one nopadding \" style=\"margin-top:50px;\" >\n<div class=\"page_content_wrapper page_main_content sidebar_content full_width fixed_column\">\n<div class=\"standard_wrapper\">\n<div id=\"17738500131816645204\" class=\"portfolio_filter_wrapper gallery grid portrait four_cols\" data-columns=\"4\">\n<div class=\"element grid baseline classic4_cols animated1\">\n<div class=\"one_fourth gallery4 grid static filterable portfolio_type themeborder\" style=\"background-image:url(https:\/\/caditours.com\/wp-content\/uploads\/2024\/02\/internacional-700x466.jpg);\"><a class=\"tour_image\" href=\"https:\/\/caditours.com\/es\/destinacio\/internacional\/\"><\/a><\/p>\n<div class=\"portfolio_info_wrapper\">\n<div class=\"portfolio_info_content\">\n<h3>Internacional<\/h3>\n<\/div>\n<\/div>\n<\/div>\n<\/div>\n<div class=\"element grid baseline classic4_cols animated2\">\n<div class=\"one_fourth gallery4 grid static filterable portfolio_type themeborder\" style=\"background-image:url(https:\/\/caditours.com\/wp-content\/uploads\/2024\/02\/experiencies-uniques-700x466.jpg);\"><a class=\"tour_image\" href=\"https:\/\/caditours.com\/es\/destinacio\/experiencias-alternativas\/\"><\/a><\/p>\n<div class=\"portfolio_info_wrapper\">\n<div class=\"portfolio_info_content\">\n<h3>Experiencias alternativas<\/h3>\n<\/div>\n<\/div>\n<\/div>\n<\/div>\n<div class=\"element grid baseline classic4_cols animated3\">\n<div class=\"one_fourth gallery4 grid static filterable portfolio_type themeborder\" style=\"background-image:url(https:\/\/caditours.com\/wp-content\/uploads\/2024\/02\/fly-and-drive-700x466.png);\"><a class=\"tour_image\" href=\"https:\/\/caditours.com\/es\/destinacio\/fly-and-drive\/\"><\/a><\/p>\n<div class=\"portfolio_info_wrapper\">\n<div class=\"portfolio_info_content\">\n<h3>Fly and Drive<\/h3>\n<\/div>\n<\/div>\n<\/div>\n<\/div>\n<div class=\"element grid baseline classic4_cols animated4\">\n<div class=\"one_fourth gallery4 grid static filterable portfolio_type themeborder\" style=\"background-image:url(https:\/\/caditours.com\/wp-content\/uploads\/2024\/02\/destins-nacionals-700x466.jpg);\"><a class=\"tour_image\" href=\"https:\/\/caditours.com\/es\/destinacio\/destino-nacional\/\"><\/a><\/p>\n<div class=\"portfolio_info_wrapper\">\n<div class=\"portfolio_info_content\">\n<h3>Destino nacional<\/h3>\n<\/div>\n<\/div>\n<\/div>\n<\/div>\n<div class=\"element grid baseline classic4_cols animated5\">\n<div class=\"one_fourth gallery4 grid static filterable portfolio_type themeborder\" style=\"background-image:url(https:\/\/caditours.com\/wp-content\/uploads\/2024\/02\/europa.webp);\"><a class=\"tour_image\" href=\"https:\/\/caditours.com\/es\/destinacio\/europa\/\"><\/a><\/p>\n<div class=\"portfolio_info_wrapper\">\n<div class=\"portfolio_info_content\">\n<h3>Europa<\/h3>\n<\/div>\n<\/div>\n<\/div>\n<\/div>\n<div class=\"element grid baseline classic4_cols animated6\">\n<div class=\"one_fourth gallery4 grid static filterable portfolio_type themeborder\" style=\"background-image:url(https:\/\/caditours.com\/wp-content\/uploads\/2024\/01\/producte-propi-1-700x466.jpg);\"><a class=\"tour_image\" href=\"https:\/\/caditours.com\/es\/destinacio\/producto-propio\/\"><\/a><\/p>\n<div class=\"portfolio_info_wrapper\">\n<div class=\"portfolio_info_content\">\n<h3>Producto propio<\/h3>\n<\/div>\n<\/div>\n<\/div>\n<\/div>\n<div class=\"element grid baseline classic4_cols animated7\">\n<div class=\"one_fourth gallery4 grid static filterable portfolio_type themeborder\" style=\"background-image:url(https:\/\/caditours.com\/wp-content\/uploads\/2016\/12\/H2O-Tours-australia-700x466.jpg);\"><a class=\"tour_image\" href=\"https:\/\/caditours.com\/es\/destinacio\/viajes-premium\/\"><\/a><\/p>\n<div class=\"portfolio_info_wrapper\">\n<div class=\"portfolio_info_content\">\n<h3>Viajes premium y VIP<\/h3>\n<\/div>\n<\/div>\n<\/div>\n<\/div>\n<div class=\"element grid baseline classic4_cols animated8\">\n<div class=\"one_fourth gallery4 grid static filterable portfolio_type themeborder\" style=\"background-image:url(https:\/\/caditours.com\/wp-content\/uploads\/2016\/12\/nuvis-700x466.jpg);\"><a class=\"tour_image\" href=\"https:\/\/caditours.com\/es\/destinacio\/novios\/\"><\/a><\/p>\n<div class=\"portfolio_info_wrapper\">\n<div class=\"portfolio_info_content\">\n<h3>Especial Novios<\/h3>\n<\/div>\n<\/div>\n<\/div>\n<\/div>\n<\/div>\n<\/div>\n<\/div>\n<\/div>\n<div  class=\"one withsmallpadding ppb_text\" style=\"padding-bottom:0px !important;text-align:center;padding:30px 0 30px 0;\" >\n<div class=\"standard_wrapper\">\n<div class=\"page_content_wrapper\">\n<div class=\"inner\">\n<div style=\"margin:auto;width:80%\">\n<h2>\u201cCada instante, cada evento en la <span style=\"color: #1c58f6;\">vida de cualquier persona de la tierra,<\/span> deja una semilla en su alma\u201d<\/h2>\n<\/div>\n<\/div>\n<\/div>\n<\/div>\n<\/div>\n<div id=\"div-producte-propi\" class=\"one withsmallpadding ppb_text\" style=\"text-align:left;padding:40px 0 40px 0;\" >\n<div class=\"standard_wrapper\">\n<div class=\"page_content_wrapper\">\n<div class=\"inner\">\n<div style=\"margin:auto;width:100%\">\n<p><iframe class=\"ifindiv\" src=\"https:\/\/caditours.com\/motor-viatges\/presentacio-individual.php?ref=86&#038;lang=es\" scrolling=\"no\"><\/iframe><iframe class=\"ifindiv\" src=\"https:\/\/caditours.com\/motor-viatges\/presentacio-individual.php?ref=91&#038;lang=es\" scrolling=\"no\"><\/iframe><\/iframe><iframe class=\"ifindiv\" src=\"https:\/\/caditours.com\/motor-viatges\/presentacio-individual.php?ref=87&#038;lang=es\" scrolling=\"no\"><\/iframe><\/iframe><iframe class=\"ifindiv\" src=\"https:\/\/caditours.com\/motor-viatges\/presentacio-individual.php?ref=88&#038;lang=es\" scrolling=\"no\"><\/iframe><\/p>\n<\/div>\n<\/div>\n<\/div>\n<\/div>\n<\/div>\n<div  class=\"ppb_tour_classic one nopadding \" style=\"margin-bottom:50px;\" >\n<div class=\"page_content_wrapper page_main_content sidebar_content full_width fixed_column\">\n<div class=\"standard_wrapper\">\n<div id=\"17738500131949486573\" class=\"portfolio_filter_wrapper gallery classic four_cols\" data-columns=\"4\">\n<div class=\"element grid classic4_cols animated1\">\n<div class=\"one_fourth gallery4 classic static filterable portfolio_type themeborder\"><a class=\"tour_image\" href=\"https:\/\/caditours.com\/es\/tour\/grecia\/\"><br \/>\n\t\t\t\t\t<img decoding=\"async\" src=\"https:\/\/caditours.com\/wp-content\/uploads\/2026\/01\/mykonos-atenes-700x466.jpg\" alt=\"Grecia\" \/><\/p>\n<div class=\"tour_price \">Desde 1.199\u20ac<\/div>\n<p><\/a><\/p>\n<div class=\"portfolio_info_wrapper\">\n        \t\t    <a class=\"tour_link\" href=\"https:\/\/caditours.com\/es\/tour\/grecia\/\"><\/p>\n<h4>Grecia<\/h4>\n<p><\/a><\/p>\n<div class=\"tour_excerpt\">\n<p>Atenas y Mykonos<\/p>\n<\/div>\n<div class=\"tour_attribute_wrapper\">\n<div class=\"tour_attribute_days\">\n\t\t\t    \t\t\t    <span class=\"ti-time\"><\/span>7&nbsp;dies<\/div>\n<\/div>\n<p>        \t\t    <br class=\"clear\"\/>\n\t\t\t\t<\/div>\n<\/div>\n<\/div>\n<div class=\"element grid classic4_cols animated2\">\n<div class=\"one_fourth gallery4 classic static filterable portfolio_type themeborder\"><a class=\"tour_image\" href=\"https:\/\/caditours.com\/es\/tour\/vietnam\/\"><br \/>\n\t\t\t\t\t<img decoding=\"async\" src=\"https:\/\/caditours.com\/wp-content\/uploads\/2026\/01\/vietnam-impressionant-700x466.jpeg\" alt=\"Vietnam\" \/><\/p>\n<div class=\"tour_price \">Desde 2.704\u20ac<\/div>\n<p><\/a><\/p>\n<div class=\"portfolio_info_wrapper\">\n        \t\t    <a class=\"tour_link\" href=\"https:\/\/caditours.com\/es\/tour\/vietnam\/\"><\/p>\n<h4>Vietnam<\/h4>\n<p><\/a><\/p>\n<div class=\"tour_excerpt\">\n<p>Vietnam impresionante<\/p>\n<\/div>\n<div class=\"tour_attribute_wrapper\">\n<div class=\"tour_attribute_days\">\n\t\t\t    \t\t\t    <span class=\"ti-time\"><\/span>10&nbsp;dies<\/div>\n<\/div>\n<p>        \t\t    <br class=\"clear\"\/>\n\t\t\t\t<\/div>\n<\/div>\n<\/div>\n<\/div>\n<\/div>\n<\/div>\n<\/div>\n","protected":false},"excerpt":{"rendered":"<p>Cat\u00e1logo Semestral de Caditours Si quieres estar al d\u00eda del programa semestral de nuestras excursiones y viajes s\u00f3lo tienes que CLICAR AQU\u00cd y bajarte este archivo pdf que renovamos cada seis meses. Si quieres recibirlo peri\u00f3dicamente sin necesidad de estar [&hellip;]<\/p>\n","protected":false},"author":1,"featured_media":0,"parent":0,"menu_order":0,"comment_status":"closed","ping_status":"closed","template":"","meta":{"footnotes":""},"class_list":["post-4699","page","type-page","status-publish","hentry"],"publishpress_future_workflow_manual_trigger":{"enabledWorkflows":[]},"_links":{"self":[{"href":"https:\/\/caditours.com\/es\/wp-json\/wp\/v2\/pages\/4699","targetHints":{"allow":["GET"]}}],"collection":[{"href":"https:\/\/caditours.com\/es\/wp-json\/wp\/v2\/pages"}],"about":[{"href":"https:\/\/caditours.com\/es\/wp-json\/wp\/v2\/types\/page"}],"author":[{"embeddable":true,"href":"https:\/\/caditours.com\/es\/wp-json\/wp\/v2\/users\/1"}],"replies":[{"embeddable":true,"href":"https:\/\/caditours.com\/es\/wp-json\/wp\/v2\/comments?post=4699"}],"version-history":[{"count":57,"href":"https:\/\/caditours.com\/es\/wp-json\/wp\/v2\/pages\/4699\/revisions"}],"predecessor-version":[{"id":5849,"href":"https:\/\/caditours.com\/es\/wp-json\/wp\/v2\/pages\/4699\/revisions\/5849"}],"wp:attachment":[{"href":"https:\/\/caditours.com\/es\/wp-json\/wp\/v2\/media?parent=4699"}],"curies":[{"name":"wp","href":"https:\/\/api.w.org\/{rel}","templated":true}]}}