{"id":4732,"date":"2024-03-26T11:52:46","date_gmt":"2024-03-26T09:52:46","guid":{"rendered":"https:\/\/caditours.com\/catalegs\/"},"modified":"2026-03-27T14:30:18","modified_gmt":"2026-03-27T12:30:18","slug":"catalogos","status":"publish","type":"page","link":"https:\/\/caditours.com\/es\/catalogos\/","title":{"rendered":"El cat\u00e1logo de Caditours"},"content":{"rendered":"<div  class=\"one ppb_card_two_cols_with_image\" style=\"position:relative;padding:50px 0 50px 0;\" >\n<div class=\"standard_wrapper\">\n<div class=\"page_content_wrapper\">\n<div class=\"inner\">\n<div class=\"one_half parallax_scroll\" style=\"width:40%;position:absolute;padding:50px;z-index:2;block !important;background:#fff;\" data-stellar-ratio=\"1.3\">\n<h2 class=\"ppb_title\" style=\"\">Cat\u00e1logo<\/h2>\n<div class=\"ppb_header_content\">\n<h2>Semestral de Caditours<\/h2>\n<p>Si quieres estar al d\u00eda del programa semestral de nuestras excursiones y viajes s\u00f3lo tienes que <a href=\"https:\/\/caditours.com\/wp-content\/uploads\/2025\/10\/PROG-GRAL-25.26.pdf\" target=\"_blank\" rel=\"noopener\">CLICAR AQU\u00cd<\/a> y bajarte este archivo pdf que renovamos cada seis meses.<\/p>\n<p>Si quieres recibirlo peri\u00f3dicamente sin necesidad de estar pendiente de cuando colgaremos el nuevo cat\u00e1logo nos puedes enviar un correo a info@caditours.com y ser\u00e1s de los primeros en recibir las nuevas promociones.<\/p>\n<\/div>\n<\/div>\n<div class=\"one_half parallax_scroll_image last\" style=\"width:65%;\">\n<div class=\"image_classic_frame expand\">\n<div class=\"image_wrapper\"><img decoding=\"async\" src=\"https:\/\/caditours.com\/wp-content\/uploads\/2024\/05\/globe-trotter-1828079_1280-5.jpg\" alt=\"\" class=\"portfolio_img\"\/><\/div>\n<\/div>\n<\/div>\n<p><br class=\"clear\"\/><\/div>\n<\/div>\n<\/div>\n<\/div>\n<div  class=\"one ppb_card_two_cols_with_image\" style=\"position:relative;padding:50px 0 50px 0;\" >\n<div class=\"standard_wrapper\">\n<div class=\"page_content_wrapper\">\n<div class=\"inner\">\n<div class=\"one_half parallax_scroll_image\" style=\"width:65%;\">\n<div class=\"image_classic_frame expand\">\n<div class=\"image_wrapper\"><img decoding=\"async\" src=\"https:\/\/caditours.com\/wp-content\/uploads\/2026\/03\/comiats-solters.jpg\" alt=\"\" class=\"portfolio_img\"\/><\/div>\n<\/div>\n<\/div>\n<div class=\"one_half last parallax_scroll\" style=\"width:40%;position:absolute;padding:50px;background:#fff;\" data-stellar-ratio=\"1.3\">\n<h2 class=\"ppb_title\" style=\"\">Cat\u00e1logo<\/h2>\n<div class=\"ppb_header_content\">\n<h2>Despedida de soltero\/a<\/h2>\n<p>\u00bfSe casa tu mejor amigo o amiga? \u00bfAlg\u00fan familiar tuyo y no sabes qu\u00e9 hacer? \u00a1\u00a1No busques m\u00e1s!! Nosotros te organizaremos una despedida legendaria, personalizada, divertida y sin preocupaciones.<\/p>\n<div>\n<p>\u00a1La \u00faltima noche o fin de semana de libertad tiene que ser \u00e9pico! Ofrecemos una amplia variedad de opciones para que elijas la que m\u00e1s te guste y nosotros haremos que as\u00ed sea.<\/p>\n<p><a href=\"https:\/\/caditours.com\/wp-content\/uploads\/2026\/03\/comiats_solters_compressat_qualitat_alta.pdf\" target=\"_blank\" rel=\"noopener\">VER CAT\u00c1LOGO<\/a><\/p>\n<\/div>\n<\/div>\n<\/div>\n<p><br class=\"clear\"\/><\/div>\n<\/div>\n<\/div>\n<\/div>\n","protected":false},"excerpt":{"rendered":"<p>Cat\u00e1logo Semestral de Caditours Si quieres estar al d\u00eda del programa semestral de nuestras excursiones y viajes s\u00f3lo tienes que CLICAR AQU\u00cd y bajarte este archivo pdf que renovamos cada seis meses. Si quieres recibirlo peri\u00f3dicamente sin necesidad de estar [&hellip;]<\/p>\n","protected":false},"author":1,"featured_media":3819,"parent":0,"menu_order":0,"comment_status":"closed","ping_status":"closed","template":"","meta":{"footnotes":""},"class_list":["post-4732","page","type-page","status-publish","has-post-thumbnail","hentry"],"publishpress_future_workflow_manual_trigger":{"enabledWorkflows":[]},"_links":{"self":[{"href":"https:\/\/caditours.com\/es\/wp-json\/wp\/v2\/pages\/4732","targetHints":{"allow":["GET"]}}],"collection":[{"href":"https:\/\/caditours.com\/es\/wp-json\/wp\/v2\/pages"}],"about":[{"href":"https:\/\/caditours.com\/es\/wp-json\/wp\/v2\/types\/page"}],"author":[{"embeddable":true,"href":"https:\/\/caditours.com\/es\/wp-json\/wp\/v2\/users\/1"}],"replies":[{"embeddable":true,"href":"https:\/\/caditours.com\/es\/wp-json\/wp\/v2\/comments?post=4732"}],"version-history":[{"count":11,"href":"https:\/\/caditours.com\/es\/wp-json\/wp\/v2\/pages\/4732\/revisions"}],"predecessor-version":[{"id":5862,"href":"https:\/\/caditours.com\/es\/wp-json\/wp\/v2\/pages\/4732\/revisions\/5862"}],"wp:featuredmedia":[{"embeddable":true,"href":"https:\/\/caditours.com\/es\/wp-json\/wp\/v2\/media\/3819"}],"wp:attachment":[{"href":"https:\/\/caditours.com\/es\/wp-json\/wp\/v2\/media?parent=4732"}],"curies":[{"name":"wp","href":"https:\/\/api.w.org\/{rel}","templated":true}]}}