{"id":4751,"date":"2024-01-29T12:27:04","date_gmt":"2024-01-29T10:27:04","guid":{"rendered":"https:\/\/caditours.com\/compra-on-line\/"},"modified":"2024-09-04T13:12:11","modified_gmt":"2024-09-04T11:12:11","slug":"compra-on-line","status":"publish","type":"page","link":"https:\/\/caditours.com\/es\/compra-on-line\/","title":{"rendered":"Compra on-line"},"content":{"rendered":"<div class=\"one withsmallpadding ppb_header \" style=\"text-align: left; padding: 40px 0 40px 0;\">\n<div class=\"standard_wrapper\">\n<div class=\"page_content_wrapper\">\n<div class=\"inner\">\n<div style=\"margin: auto; width: 100%;\">\n<h2 class=\"ppb_title\">Buscador de hoteles, aventuras y momentos inolvidables<\/h2>\n<div class=\"ppb_header_content\">\n<p><span style=\"color: #000000;\">Pulsa sobre la opci\u00f3n que m\u00e1s te guste y descubre todo un mundo de desconexi\u00f3n, relax, diversi\u00f3n y aventura.<\/span><\/p>\n<\/div>\n<\/div>\n<\/div>\n<\/div>\n<\/div>\n<\/div>\n<div class=\"standard_wrapper\">\n<div class=\"ppb_three_cols_images one\" style=\"padding: 40px 0 40px 0;\">\n<div class=\"page_content_wrapper\">\n<div class=\"inner\">\n<div class=\"one_third\">\n<div class=\"image_classic_frame expand\">\n<div class=\"image_wrapper\"><a href=\"https:\/\/caditours.com\/es\/viatges-caditours\/\"><img decoding=\"async\" class=\"portfolio_img\" src=\"https:\/\/caditours.com\/wp-content\/uploads\/2024\/08\/CAST-COMPA-ONLINE.jpg\" alt=\"\" \/><\/a><\/div>\n<\/div>\n<\/div>\n<div class=\"one_third\">\n<div class=\"image_classic_frame expand\">\n<div class=\"image_wrapper\"><a href=\"https:\/\/www.mundigeaonline.com\/caditours\/vuelos\/\" target=\"_blank\" rel=\"noopener\"><img decoding=\"async\" class=\"portfolio_img\" src=\"https:\/\/caditours.com\/wp-content\/uploads\/2024\/08\/CAST-VUELOS.jpg\" alt=\"\" \/><\/a><\/div>\n<\/div>\n<\/div>\n<div class=\"one_third last\">\n<div class=\"image_classic_frame\">\n<div class=\"image_wrapper\"><a href=\"https:\/\/www.mundigeaonline.com\/caditours\/home.php\" target=\"_blank\" rel=\"noopener\"><img decoding=\"async\" class=\"portfolio_img\" src=\"https:\/\/caditours.com\/wp-content\/uploads\/2024\/08\/CAST-OFERTA-HOTELES.jpg\" alt=\"\" \/><\/a><\/div>\n<\/div>\n<\/div>\n<\/div>\n<\/div>\n<\/div>\n<\/div>\n<div class=\"standard_wrapper\">\n<div class=\"ppb_three_cols_images one\" style=\"padding: 40px 0 40px 0;\">\n<div class=\"page_content_wrapper\">\n<div class=\"inner\">\n<div class=\"one_third\">\n<div class=\"image_classic_frame expand\">\n<div class=\"image_wrapper\"><a href=\"https:\/\/www.mundigeaonline.com\/caditours\/ferry\/\" target=\"_blank\" rel=\"noopener\"><img decoding=\"async\" class=\"portfolio_img\" src=\"https:\/\/caditours.com\/wp-content\/uploads\/2024\/08\/CAST-OFERTA-BARCOS.jpg\" alt=\"\" \/><\/a><\/div>\n<\/div>\n<\/div>\n<div class=\"one_third\">\n<div class=\"image_classic_frame expand\">\n<div class=\"image_wrapper\"><a href=\"https:\/\/www.mundigeaonline.com\/caditours\/tren-hotel\/\" target=\"_blank\" rel=\"noopener\"><img decoding=\"async\" class=\"portfolio_img\" src=\"https:\/\/caditours.com\/wp-content\/uploads\/2024\/08\/CAST-COMBO-TREN-HOTEL.jpg\" alt=\"\" \/><\/a><\/div>\n<\/div>\n<\/div>\n<div class=\"one_third last\">\n<div class=\"image_classic_frame\">\n<div class=\"image_wrapper\"><a href=\"https:\/\/www.mundigeaonline.com\/caditours\/paquetes\/\" target=\"_blank\" rel=\"noopener\"><img decoding=\"async\" class=\"portfolio_img\" src=\"https:\/\/caditours.com\/wp-content\/uploads\/2024\/08\/CAST-MUSICALES.jpg\" alt=\"\" \/><\/a><\/div>\n<\/div>\n<\/div>\n<\/div>\n<\/div>\n<\/div>\n<\/div>\n","protected":false},"excerpt":{"rendered":"<p>Buscador de hoteles, aventuras y momentos inolvidables Pulsa sobre la opci\u00f3n que m\u00e1s te guste y descubre todo un mundo de desconexi\u00f3n, relax, diversi\u00f3n y aventura.<\/p>\n","protected":false},"author":1,"featured_media":3883,"parent":0,"menu_order":0,"comment_status":"closed","ping_status":"closed","template":"","meta":{"footnotes":""},"class_list":["post-4751","page","type-page","status-publish","has-post-thumbnail","hentry"],"publishpress_future_workflow_manual_trigger":{"enabledWorkflows":[]},"_links":{"self":[{"href":"https:\/\/caditours.com\/es\/wp-json\/wp\/v2\/pages\/4751","targetHints":{"allow":["GET"]}}],"collection":[{"href":"https:\/\/caditours.com\/es\/wp-json\/wp\/v2\/pages"}],"about":[{"href":"https:\/\/caditours.com\/es\/wp-json\/wp\/v2\/types\/page"}],"author":[{"embeddable":true,"href":"https:\/\/caditours.com\/es\/wp-json\/wp\/v2\/users\/1"}],"replies":[{"embeddable":true,"href":"https:\/\/caditours.com\/es\/wp-json\/wp\/v2\/comments?post=4751"}],"version-history":[{"count":4,"href":"https:\/\/caditours.com\/es\/wp-json\/wp\/v2\/pages\/4751\/revisions"}],"predecessor-version":[{"id":4947,"href":"https:\/\/caditours.com\/es\/wp-json\/wp\/v2\/pages\/4751\/revisions\/4947"}],"wp:featuredmedia":[{"embeddable":true,"href":"https:\/\/caditours.com\/es\/wp-json\/wp\/v2\/media\/3883"}],"wp:attachment":[{"href":"https:\/\/caditours.com\/es\/wp-json\/wp\/v2\/media?parent=4751"}],"curies":[{"name":"wp","href":"https:\/\/api.w.org\/{rel}","templated":true}]}}