{"id":4787,"date":"2017-07-25T09:19:56","date_gmt":"2017-07-25T07:19:56","guid":{"rendered":"https:\/\/caditours.com\/agencia-de-viatges-caditours\/"},"modified":"2024-08-28T18:01:06","modified_gmt":"2024-08-28T16:01:06","slug":"agencia-de-viajes-caditours","status":"publish","type":"page","link":"https:\/\/caditours.com\/es\/agencia-de-viajes-caditours\/","title":{"rendered":"Sobre Caditours"},"content":{"rendered":"<div  class=\"one\" >\n<div class=\"one_half_bg\" style=\"background-image:url(https:\/\/caditours.com\/wp-content\/uploads\/2024\/01\/agencia-viatges-seu-urgell.jpg);height:540px;\"><\/div>\n<div class=\"one_half_bg\" style=\"padding:90px;\">\n<h2 class=\"ppb_title\" style=\"\">Agencia de viajes en La Seu d&#039;Urgell<\/h2>\n<div class=\"page_tagline\" style=\"\">Con m\u00e1s de 30 a\u00f1os de experiencia<\/div>\n<div class=\"ppb_header_content\">\n<p>Caditours somos una agencia de viajes que contamos con una oficina central en el centro de La Seu d&#8217;Urgell.<\/p>\n<p>Formamos un equipo de profesionales que le ayudar\u00e1 a programar sus vacaciones.<\/p>\n<p>Nos encargamos de planificar todo tipo de viajes, desde una excursi\u00f3n cerca de tu casa hasta un viaje a la otra punta del mundo. Tambi\u00e9n tenemos mucha experiencia organizando viajes para grupos.<\/p>\n<p>Pida todo lo que necesite, le atenderemos encantados. Si prefiere la rapidez puede consultar toda la oferta que encontrar\u00e1 en esta web y hacer la compra on-line.<\/p>\n<p>En Caditours le ofrecemos viajes de todo tipo y para todo tipo de gente. \u00a1Porque creemos en el placer de viajar todo el a\u00f1o!<\/p>\n<\/div>\n<\/div>\n<p><br class=\"clear\"\/><\/div>\n<div  class=\"one\" >\n<div class=\"one_half_bg textright\" style=\"padding:90px;\">\n<h2 class=\"ppb_title\" style=\"\">Una agencia con valores<\/h2>\n<div class=\"page_tagline\" style=\"\">Cada persona tiene su viaje<\/div>\n<div class=\"ppb_header_content\">\n<p>Sabemos que cada viaje es \u00fanico y especial para la persona que lo busca. En Caditours nos gusta el trato personal y por eso queremos que te sientas \u00fanico y que tu viaje est\u00e9 a la altura de tus expectativas y de tus necesidades. Nos adaptaremos a lo que deseas y tambi\u00e9n te asesoraremos a trav\u00e9s de nuestra experiencia para que tu viaje se convierta en un recuerdo inolvidable.<\/p>\n<\/div>\n<\/div>\n<div class=\"one_half_bg\" style=\"background-image:url(http:\/\/themes.themegoods.com\/grandtour\/demo2\/wp-content\/uploads\/2017\/07\/pexels-photo-479344.jpeg);height:540px;\"><\/div>\n<p><br class=\"clear\"\/><\/div>\n<div  class=\"parallax \" style=\"background-image: url(http:\/\/themes.themegoods.com\/grandtour\/demo2\/wp-content\/uploads\/2017\/07\/pexels-photo-259522.jpeg);height:50vh; \"><\/div>\n","protected":false},"excerpt":{"rendered":"<p>Agencia de viajes en La Seu d&#039;Urgell Con m\u00e1s de 30 a\u00f1os de experiencia Caditours somos una agencia de viajes que contamos con una oficina central en el centro de La Seu d&#8217;Urgell. Formamos un equipo de profesionales que le [&hellip;]<\/p>\n","protected":false},"author":1,"featured_media":3814,"parent":0,"menu_order":0,"comment_status":"closed","ping_status":"open","template":"","meta":{"footnotes":""},"class_list":["post-4787","page","type-page","status-publish","has-post-thumbnail","hentry"],"publishpress_future_workflow_manual_trigger":{"enabledWorkflows":[]},"_links":{"self":[{"href":"https:\/\/caditours.com\/es\/wp-json\/wp\/v2\/pages\/4787","targetHints":{"allow":["GET"]}}],"collection":[{"href":"https:\/\/caditours.com\/es\/wp-json\/wp\/v2\/pages"}],"about":[{"href":"https:\/\/caditours.com\/es\/wp-json\/wp\/v2\/types\/page"}],"author":[{"embeddable":true,"href":"https:\/\/caditours.com\/es\/wp-json\/wp\/v2\/users\/1"}],"replies":[{"embeddable":true,"href":"https:\/\/caditours.com\/es\/wp-json\/wp\/v2\/comments?post=4787"}],"version-history":[{"count":3,"href":"https:\/\/caditours.com\/es\/wp-json\/wp\/v2\/pages\/4787\/revisions"}],"predecessor-version":[{"id":4799,"href":"https:\/\/caditours.com\/es\/wp-json\/wp\/v2\/pages\/4787\/revisions\/4799"}],"wp:featuredmedia":[{"embeddable":true,"href":"https:\/\/caditours.com\/es\/wp-json\/wp\/v2\/media\/3814"}],"wp:attachment":[{"href":"https:\/\/caditours.com\/es\/wp-json\/wp\/v2\/media?parent=4787"}],"curies":[{"name":"wp","href":"https:\/\/api.w.org\/{rel}","templated":true}]}}